{"id":8380,"date":"2023-12-18T11:58:32","date_gmt":"2023-12-18T21:58:32","guid":{"rendered":"https:\/\/www.cgf.pf\/le-comite-medical"},"modified":"2024-02-15T01:40:46","modified_gmt":"2024-02-15T11:40:46","slug":"te-tomite-a-te-rapaauraa-mai","status":"publish","type":"page","link":"https:\/\/www.cgf.pf\/ty\/te-tomite-a-te-rapaauraa-mai","title":{"rendered":"Te t\u014dmite a te rapa\u2019aura\u2019a ma\u2019i"},"content":{"rendered":"\n<section class=\"wp-block-group is-layout-flow wp-block-group-is-layout-flow\">\n<div class=\"wp-block-group is-layout-constrained wp-block-group-is-layout-constrained\"><div class=\"yoast-breadcrumbs\"><span><span><a href=\"https:\/\/www.cgf.pf\/ty\">Accueil<\/a><\/span> &#8211; <span class=\"breadcrumb_last\" aria-current=\"page\">Te t\u014dmite a te rapa\u2019aura\u2019a ma\u2019i<\/span><\/span><\/div><\/div>\n\n\n\n<div class=\"titre-bandeau-block\">\n    <div class=\"titre-bandeau-container\">\n        <h1 class=\"titre-bandeau\">Te t\u014dmite a te rapa\u2019aura\u2019a ma\u2019i<\/h1>        <div class=\"titre-background\" style=\"transform: translate(80px, -50%);\">\n            <span>Te t\u014dmite a te rapa\u2019aura\u2019a ma\u2019i<\/span>\n            <span>Te t\u014dmite a te rapa\u2019aura\u2019a ma\u2019i<\/span>\n        <\/div>\n    <\/div>\n<\/div>\n<\/section>\n\n\n\n<section class=\"wp-block-group page-template is-layout-flow wp-block-group-is-layout-flow\">\n<div class=\"wp-block-group alignwide is-layout-constrained wp-block-group-is-layout-constrained\">\n<div class=\"wp-block-columns is-layout-flex wp-container-core-columns-is-layout-9d6595d7 wp-block-columns-is-layout-flex\">\n<div class=\"wp-block-column content-col has-white-background-color has-background is-layout-flow wp-block-column-is-layout-flow\" style=\"flex-basis:66.66%\">\n<div class=\"wp-block-group is-layout-constrained wp-block-group-is-layout-constrained\">\n<h2 class=\"wp-block-heading\"><strong>La sant\u00e9<\/strong> <strong>au travail<\/strong><\/h2>\n\n\n\n<p>E anihia te mana\u2019o o te t\u014dmite a te rapa\u2019aura\u2019a ma\u2019i n\u0101 ni\u2019a i te h\u014d\u2019\u0113 parau p\u0101pa\u2019i a te rave \u2018ohipa t\u012btau \u2018e aore r\u0101 a t\u014d na fa\u2019aterera\u2019a o te fa\u2019at\u014dro\u2019ara\u2019a. E h\u014dro\u2019a te t\u014dmite a te rapa\u2019aura\u2019a ma\u2019i i t\u014d na mana\u2019o n\u014d&nbsp;:<\/p>\n\n\n\n<ul class=\"wp-block-list\">\n<li>fa\u2019aroara\u2019a i te fa\u2019aeara\u2019a \u2018ohipa n\u014d te ma\u2019i i hau atu i te 6 \u2018\u0101va\u2019e<\/li>\n\n\n\n<li><strong>h\u014dro\u2019a \u2018e te fa\u2019a\u2019\u0101p\u012b i te mau fa\u2019aeara\u2019a \u2018ohipa n\u014d te ma\u2019i roa \u2018e aore r\u0101 n\u014d te tau roa<\/strong><\/li>\n\n\n\n<li>te tu\u2019ura\u2019a i roto i te tau vatara\u2019a \u2018\u0101faro n\u014d te tumu o te ea \u2018e t\u014d na fa\u2019a\u2019\u0101p\u012bra\u2019a<\/li>\n\n\n\n<li>te tauira\u2019a t\u014dro\u2019a i roto i te tahi \u2018ohipa i muri mai i te tauira\u2019a o te huru pae tino a te rave \u2018ohipa \u2018oire<\/li>\n<\/ul>\n\n\n\n<h2 class=\"wp-block-heading\"><strong>Te terera\u2019a \u2018ohipa<\/strong><\/h2>\n\n\n\n<p>E fa\u2019ahepohia \u2018ia anihia t\u014d na mana\u2019o n\u0101 ni\u2019a i te h\u014d\u2019\u0113 parau p\u0101pa\u2019i a te rave \u2018ohipa t\u012btau \u2018e aore r\u0101 a t\u014d na fa\u2019aterera\u2019a fa\u2019at\u014dro\u2019ara\u2019a. I te taime \u2018a f\u0101ri\u2019ihia ai te pu\u2019e parau, e hi\u2019opo\u2019a te piha p\u0101pa\u2019i parau a te t\u014dmite a te rapa\u2019aura\u2019a ma\u2019i \u2018ua ineine anei te pu\u2019e parau i t\u0113 tuat\u0101papahia. Te f\u0101 a teie hi\u2019opo\u2019ara\u2019a, o te hi\u2019o-m\u0101ite-ra\u2019a t\u0113 vai nei iho \u0101 te mau t\u012btaura\u2019a rapa\u2019au ma\u2019i a te rave \u2018ohipa \u2018oire n\u014d t\u0113 f\u0101na\u2019o i te mau fa\u2019aeara\u2019a \u2018ohipa i fa\u2019ahitihia i ni\u2019a atu.<\/p>\n\n\n\n<h2 class=\"wp-block-heading\"><strong>Te mau mero<\/strong><\/h2>\n\n\n\n<p><strong>E ha\u2019amauhia te mau mero a te t\u014dmite a te rapa\u2019aura\u2019a ma\u2019i n\u0101 te h\u014d\u2019\u0113 fa\u2019aotira\u2019a a te t\u014dmitera teitei o te R\u0113p\u016bpir\u012bta i P\u014dr\u012bnetia far\u0101ni, n\u0101 ni\u2019a i te&nbsp; fa\u2019aaura\u2019a a te peretiteni n\u014d te CGF \u2018e n\u014d te roara\u2019a e toru matahiti.&nbsp;<\/strong><\/p>\n\n\n\n<p>I roto i teie t\u014dmite, e vai nei h\u014d\u2019\u0113 taote ma\u2019i rau ha\u2019amanahia unuma, h\u014d\u2019\u0113 taote-a\u2019o a te Fare Turuuta\u2019a n\u014d P\u014dr\u012bnetia far\u0101ni \u2018e te h\u014d\u2019\u0113 taote a te piha t\u014dro\u2019a rapa\u2019aura\u2019a ma\u2019i t\u014dro\u2019a.&nbsp; E nehenehe e ani i te mana\u2019o o te h\u014d\u2019\u0113 taote ta\u2019a \u2018\u0113 n\u014d te ma\u2019i i ro\u2019ohia e te rave \u2018ohipa, mai te peu e t\u012btauhia. <\/p>\n\n\n\n<p><strong>N\u0101 te taote ma\u2019i rau e peretiteni i te t\u014dmite.<\/strong><\/p>\n\n\n\n<div class=\"file-link-block\">\n    <div class=\"file-link-container\">\n\n        \n            <div class=\"file-link-item\">\n                <a class=\"file-link\" href=\"\" target=\"_blank\">\n                    \n                    \n                            <svg data-name=\"Groupe 20548\" xmlns=\"http:\/\/www.w3.org\/2000\/svg\" xmlns:xlink=\"http:\/\/www.w3.org\/1999\/xlink\" width=\"72\" height=\"72\" viewBox=\"0 0 72 72\">                             \n                              <g data-name=\"Groupe 20404\">\n                                <path data-name=\"Trac\u00e9 36521\" d=\"M71.424,38.309c.06-.843.092-1.693.092-2.551A35.758,35.758,0,1,0,26.233,70.231Z\" transform=\"translate(0 0.484)\" fill=\"#78ac40\"\/>\n                                <path data-name=\"Trac\u00e9 36522\" d=\"M173.885,105.39,146.458,77.913,119.1,127.663l9.6,9.6a35.781,35.781,0,0,0,45.191-31.922\" transform=\"translate(-102.461 -66.546)\" fill=\"#195526\"\/>\n                                <g data-name=\"icon\">\n                                    <path data-name=\"Trac\u00e9 36523\" d=\"M141.337,113.671l-3.159-35.758H119.1v32.648Z\" transform=\"translate(-102.461 -66.546)\" fill=\"#fff\"\/>\n                                    <path data-name=\"Trac\u00e9 36524\" d=\"M274.874,110.561V88.8L267.1,85.686l-3.109-7.773h-8.28l.05,35.758Z\" transform=\"translate(-219.994 -66.546)\" fill=\"#e3e0e0\"\/>\n                                    <path data-name=\"Trac\u00e9 36525\" d=\"M314.991,88.8V77.913L325.874,88.8Z\" transform=\"translate(-270.993 -66.546)\" fill=\"#fff\"\/>\n                                    <rect data-name=\"Rectangle 3939\" width=\"38.245\" height=\"17.102\" transform=\"translate(16.635 44.016)\" fill=\"#c0500a\"\/>\n                                    <path data-name=\"Trac\u00e9 36526\" d=\"M185.013,346.387c1.892,0,2.981.93,2.981,2.579,0,1.734-1.089,2.738-2.981,2.738h-1.342v2.082h-1.882v-7.4Zm-1.342,3.837h1.247c.825,0,1.3-.412,1.3-1.195s-.476-1.163-1.3-1.163h-1.247Z\" transform=\"translate(-156.397 -297.52)\" fill=\"#fff\"\/>\n                                    <path data-name=\"Trac\u00e9 36527\" d=\"M238.329,346.387a3.639,3.639,0,0,1,3.932,3.7,3.679,3.679,0,0,1-4.006,3.7h-3.108v-7.4Zm-1.3,5.9h1.342a2,2,0,0,0,1.977-2.188,2.052,2.052,0,0,0-2.061-2.209h-1.258v4.4Z\" transform=\"translate(-202.302 -297.52)\" fill=\"#fff\"\/>\n                                    <path data-name=\"Trac\u00e9 36528\" d=\"M296.974,347.868v1.712h3.319v1.48h-3.319v2.727h-1.882v-7.4h5.486v1.48h-3.6Z\" transform=\"translate(-253.874 -297.521)\" fill=\"#fff\"\/>\n                                <\/g>\n                              <\/g>\n                            <\/svg><span>Formulaire de saisine<\/span>                <\/a>\n            <\/div>\n\n        \n            <div class=\"file-link-item\">\n                <a class=\"file-link\" href=\"\" target=\"_blank\">\n                    \n                    \n                            <svg data-name=\"Groupe 20548\" xmlns=\"http:\/\/www.w3.org\/2000\/svg\" xmlns:xlink=\"http:\/\/www.w3.org\/1999\/xlink\" width=\"72\" height=\"72\" viewBox=\"0 0 72 72\">                             \n                              <g data-name=\"Groupe 20404\">\n                                <path data-name=\"Trac\u00e9 36521\" d=\"M71.424,38.309c.06-.843.092-1.693.092-2.551A35.758,35.758,0,1,0,26.233,70.231Z\" transform=\"translate(0 0.484)\" fill=\"#78ac40\"\/>\n                                <path data-name=\"Trac\u00e9 36522\" d=\"M173.885,105.39,146.458,77.913,119.1,127.663l9.6,9.6a35.781,35.781,0,0,0,45.191-31.922\" transform=\"translate(-102.461 -66.546)\" fill=\"#195526\"\/>\n                                <g data-name=\"icon\">\n                                    <path data-name=\"Trac\u00e9 36523\" d=\"M141.337,113.671l-3.159-35.758H119.1v32.648Z\" transform=\"translate(-102.461 -66.546)\" fill=\"#fff\"\/>\n                                    <path data-name=\"Trac\u00e9 36524\" d=\"M274.874,110.561V88.8L267.1,85.686l-3.109-7.773h-8.28l.05,35.758Z\" transform=\"translate(-219.994 -66.546)\" fill=\"#e3e0e0\"\/>\n                                    <path data-name=\"Trac\u00e9 36525\" d=\"M314.991,88.8V77.913L325.874,88.8Z\" transform=\"translate(-270.993 -66.546)\" fill=\"#fff\"\/>\n                                    <rect data-name=\"Rectangle 3939\" width=\"38.245\" height=\"17.102\" transform=\"translate(16.635 44.016)\" fill=\"#c0500a\"\/>\n                                    <path data-name=\"Trac\u00e9 36526\" d=\"M185.013,346.387c1.892,0,2.981.93,2.981,2.579,0,1.734-1.089,2.738-2.981,2.738h-1.342v2.082h-1.882v-7.4Zm-1.342,3.837h1.247c.825,0,1.3-.412,1.3-1.195s-.476-1.163-1.3-1.163h-1.247Z\" transform=\"translate(-156.397 -297.52)\" fill=\"#fff\"\/>\n                                    <path data-name=\"Trac\u00e9 36527\" d=\"M238.329,346.387a3.639,3.639,0,0,1,3.932,3.7,3.679,3.679,0,0,1-4.006,3.7h-3.108v-7.4Zm-1.3,5.9h1.342a2,2,0,0,0,1.977-2.188,2.052,2.052,0,0,0-2.061-2.209h-1.258v4.4Z\" transform=\"translate(-202.302 -297.52)\" fill=\"#fff\"\/>\n                                    <path data-name=\"Trac\u00e9 36528\" d=\"M296.974,347.868v1.712h3.319v1.48h-3.319v2.727h-1.882v-7.4h5.486v1.48h-3.6Z\" transform=\"translate(-253.874 -297.521)\" fill=\"#fff\"\/>\n                                <\/g>\n                              <\/g>\n                            <\/svg><span>Calendrier 2024<\/span>                <\/a>\n            <\/div>\n\n        \n    <\/div>\n<\/div><\/div>\n<\/div>\n\n\n\n<div class=\"wp-block-column sidebar is-layout-flow wp-block-column-is-layout-flow\" style=\"flex-basis:33.33%\">\n<figure class=\"wp-block-image size-full\"><img loading=\"lazy\" decoding=\"async\" width=\"400\" height=\"600\" src=\"https:\/\/www.cgf.pf\/wp-content\/uploads\/2024\/01\/comite-medical.jpg\" alt=\"comite-medical\" class=\"wp-image-9055\" srcset=\"https:\/\/www.cgf.pf\/wp-content\/uploads\/2024\/01\/comite-medical.jpg 400w, https:\/\/www.cgf.pf\/wp-content\/uploads\/2024\/01\/comite-medical-200x300.jpg 200w\" sizes=\"auto, (max-width: 400px) 100vw, 400px\" \/><\/figure>\n<\/div>\n<\/div>\n<\/div>\n<\/section>\n","protected":false},"excerpt":{"rendered":"<p>La sant\u00e9 au travail E anihia te mana\u2019o o te t\u014dmite a te rapa\u2019aura\u2019a ma\u2019i n\u0101 ni\u2019a i te h\u014d\u2019\u0113 parau p\u0101pa\u2019i a te rave \u2018ohipa t\u012btau \u2018e aore r\u0101 a t\u014d na fa\u2019aterera\u2019a o te fa\u2019at\u014dro\u2019ara\u2019a. E h\u014dro\u2019a te t\u014dmite a te rapa\u2019aura\u2019a ma\u2019i i t\u014d na mana\u2019o n\u014d&nbsp;: Te terera\u2019a \u2018ohipa E fa\u2019ahepohia \u2018ia anihia t\u014d na mana\u2019o n\u0101 ni\u2019a i te h\u014d\u2019\u0113 parau p\u0101pa\u2019i a te rave \u2018ohipa t\u012btau \u2018e aore r\u0101 a t\u014d na fa\u2019aterera\u2019a fa\u2019at\u014dro\u2019ara\u2019a. I te taime \u2018a f\u0101ri\u2019ihia ai te pu\u2019e parau, e hi\u2019opo\u2019a te piha p\u0101pa\u2019i parau a te t\u014dmite a te rapa\u2019aura\u2019a ma\u2019i \u2018ua ineine anei te pu\u2019e parau i t\u0113 tuat\u0101papahia. Te f\u0101 a teie hi\u2019opo\u2019ara\u2019a, o te hi\u2019o-m\u0101ite-ra\u2019a t\u0113 vai nei iho \u0101 te mau t\u012btaura\u2019a rapa\u2019au ma\u2019i a te rave \u2018ohipa \u2018oire n\u014d t\u0113 f\u0101na\u2019o i te mau fa\u2019aeara\u2019a \u2018ohipa i fa\u2019ahitihia i ni\u2019a atu. Te mau mero E ha\u2019amauhia te mau mero a te t\u014dmite a te rapa\u2019aura\u2019a ma\u2019i n\u0101 te h\u014d\u2019\u0113 fa\u2019aotira\u2019a a te t\u014dmitera teitei o te R\u0113p\u016bpir\u012bta i P\u014dr\u012bnetia far\u0101ni, n\u0101 ni\u2019a i te&nbsp; fa\u2019aaura\u2019a a te peretiteni n\u014d te CGF \u2018e n\u014d te roara\u2019a e toru matahiti.&nbsp; I roto i teie t\u014dmite, e vai nei h\u014d\u2019\u0113 taote ma\u2019i rau ha\u2019amanahia unuma, h\u014d\u2019\u0113 taote-a\u2019o a te Fare Turuuta\u2019a n\u014d P\u014dr\u012bnetia far\u0101ni \u2018e te h\u014d\u2019\u0113 taote a te piha t\u014dro\u2019a rapa\u2019aura\u2019a ma\u2019i t\u014dro\u2019a.&nbsp; E nehenehe e ani i te mana\u2019o o te h\u014d\u2019\u0113 taote ta\u2019a \u2018\u0113 n\u014d te ma\u2019i i ro\u2019ohia e te rave \u2018ohipa, mai te peu e t\u012btauhia. N\u0101 te taote ma\u2019i rau e peretiteni i te t\u014dmite.<\/p>\n","protected":false},"author":1,"featured_media":9055,"parent":0,"menu_order":0,"comment_status":"closed","ping_status":"closed","template":"","meta":{"_acf_changed":false,"inline_featured_image":false,"footnotes":""},"class_list":["post-8380","page","type-page","status-publish","has-post-thumbnail","hentry"],"acf":[],"yoast_head":"<!-- This site is optimized with the Yoast SEO plugin v27.4 - https:\/\/yoast.com\/product\/yoast-seo-wordpress\/ -->\n<title>Te t\u014dmite a te rapa\u2019aura\u2019a ma\u2019i - CGF Tahiti<\/title>\n<meta name=\"robots\" content=\"index, follow, max-snippet:-1, max-image-preview:large, max-video-preview:-1\" \/>\n<link rel=\"canonical\" href=\"https:\/\/www.cgf.pf\/ty\/te-tomite-a-te-rapaauraa-mai\" \/>\n<meta property=\"og:locale\" content=\"en_US\" \/>\n<meta property=\"og:type\" content=\"article\" \/>\n<meta property=\"og:title\" content=\"Te t\u014dmite a te rapa\u2019aura\u2019a ma\u2019i - CGF Tahiti\" \/>\n<meta property=\"og:description\" content=\"La sant\u00e9 au travail E anihia te mana\u2019o o te t\u014dmite a te rapa\u2019aura\u2019a ma\u2019i n\u0101 ni\u2019a i te h\u014d\u2019\u0113 parau p\u0101pa\u2019i a te rave \u2018ohipa t\u012btau \u2018e aore r\u0101 a t\u014d na fa\u2019aterera\u2019a o te fa\u2019at\u014dro\u2019ara\u2019a. E h\u014dro\u2019a te t\u014dmite a te rapa\u2019aura\u2019a ma\u2019i i t\u014d na mana\u2019o n\u014d&nbsp;: Te terera\u2019a \u2018ohipa E fa\u2019ahepohia \u2018ia anihia t\u014d na mana\u2019o n\u0101 ni\u2019a i te h\u014d\u2019\u0113 parau p\u0101pa\u2019i a te rave \u2018ohipa t\u012btau \u2018e aore r\u0101 a t\u014d na fa\u2019aterera\u2019a fa\u2019at\u014dro\u2019ara\u2019a. I te taime \u2018a f\u0101ri\u2019ihia ai te pu\u2019e parau, e hi\u2019opo\u2019a te piha p\u0101pa\u2019i parau a te t\u014dmite a te rapa\u2019aura\u2019a ma\u2019i \u2018ua ineine anei te pu\u2019e parau i t\u0113 tuat\u0101papahia. Te f\u0101 a teie hi\u2019opo\u2019ara\u2019a, o te hi\u2019o-m\u0101ite-ra\u2019a t\u0113 vai nei iho \u0101 te mau t\u012btaura\u2019a rapa\u2019au ma\u2019i a te rave \u2018ohipa \u2018oire n\u014d t\u0113 f\u0101na\u2019o i te mau fa\u2019aeara\u2019a \u2018ohipa i fa\u2019ahitihia i ni\u2019a atu. Te mau mero E ha\u2019amauhia te mau mero a te t\u014dmite a te rapa\u2019aura\u2019a ma\u2019i n\u0101 te h\u014d\u2019\u0113 fa\u2019aotira\u2019a a te t\u014dmitera teitei o te R\u0113p\u016bpir\u012bta i P\u014dr\u012bnetia far\u0101ni, n\u0101 ni\u2019a i te&nbsp; fa\u2019aaura\u2019a a te peretiteni n\u014d te CGF \u2018e n\u014d te roara\u2019a e toru matahiti.&nbsp; I roto i teie t\u014dmite, e vai nei h\u014d\u2019\u0113 taote ma\u2019i rau ha\u2019amanahia unuma, h\u014d\u2019\u0113 taote-a\u2019o a te Fare Turuuta\u2019a n\u014d P\u014dr\u012bnetia far\u0101ni \u2018e te h\u014d\u2019\u0113 taote a te piha t\u014dro\u2019a rapa\u2019aura\u2019a ma\u2019i t\u014dro\u2019a.&nbsp; E nehenehe e ani i te mana\u2019o o te h\u014d\u2019\u0113 taote ta\u2019a \u2018\u0113 n\u014d te ma\u2019i i ro\u2019ohia e te rave \u2018ohipa, mai te peu e t\u012btauhia. N\u0101 te taote ma\u2019i rau e peretiteni i te t\u014dmite.\" \/>\n<meta property=\"og:url\" content=\"https:\/\/www.cgf.pf\/ty\/te-tomite-a-te-rapaauraa-mai\" \/>\n<meta property=\"og:site_name\" content=\"CGF Tahiti\" \/>\n<meta property=\"article:modified_time\" content=\"2024-02-15T11:40:46+00:00\" \/>\n<meta property=\"og:image\" content=\"https:\/\/www.cgf.pf\/wp-content\/uploads\/2024\/01\/comite-medical.jpg\" \/>\n\t<meta property=\"og:image:width\" content=\"400\" \/>\n\t<meta property=\"og:image:height\" content=\"600\" \/>\n\t<meta property=\"og:image:type\" content=\"image\/jpeg\" \/>\n<meta name=\"twitter:card\" content=\"summary_large_image\" \/>\n<meta name=\"twitter:label1\" content=\"Est. reading time\" \/>\n\t<meta name=\"twitter:data1\" content=\"3 minutes\" \/>\n<script type=\"application\/ld+json\" class=\"yoast-schema-graph\">{\"@context\":\"https:\\\/\\\/schema.org\",\"@graph\":[{\"@type\":\"WebPage\",\"@id\":\"https:\\\/\\\/www.cgf.pf\\\/ty\\\/te-tomite-a-te-rapaauraa-mai\",\"url\":\"https:\\\/\\\/www.cgf.pf\\\/ty\\\/te-tomite-a-te-rapaauraa-mai\",\"name\":\"Te t\u014dmite a te rapa\u2019aura\u2019a ma\u2019i - CGF Tahiti\",\"isPartOf\":{\"@id\":\"https:\\\/\\\/www.cgf.pf\\\/ty#website\"},\"primaryImageOfPage\":{\"@id\":\"https:\\\/\\\/www.cgf.pf\\\/ty\\\/te-tomite-a-te-rapaauraa-mai#primaryimage\"},\"image\":{\"@id\":\"https:\\\/\\\/www.cgf.pf\\\/ty\\\/te-tomite-a-te-rapaauraa-mai#primaryimage\"},\"thumbnailUrl\":\"https:\\\/\\\/www.cgf.pf\\\/wp-content\\\/uploads\\\/2024\\\/01\\\/comite-medical.jpg\",\"datePublished\":\"2023-12-18T21:58:32+00:00\",\"dateModified\":\"2024-02-15T11:40:46+00:00\",\"breadcrumb\":{\"@id\":\"https:\\\/\\\/www.cgf.pf\\\/ty\\\/te-tomite-a-te-rapaauraa-mai#breadcrumb\"},\"inLanguage\":\"ty-FR\",\"potentialAction\":[{\"@type\":\"ReadAction\",\"target\":[\"https:\\\/\\\/www.cgf.pf\\\/ty\\\/te-tomite-a-te-rapaauraa-mai\"]}]},{\"@type\":\"ImageObject\",\"inLanguage\":\"ty-FR\",\"@id\":\"https:\\\/\\\/www.cgf.pf\\\/ty\\\/te-tomite-a-te-rapaauraa-mai#primaryimage\",\"url\":\"https:\\\/\\\/www.cgf.pf\\\/wp-content\\\/uploads\\\/2024\\\/01\\\/comite-medical.jpg\",\"contentUrl\":\"https:\\\/\\\/www.cgf.pf\\\/wp-content\\\/uploads\\\/2024\\\/01\\\/comite-medical.jpg\",\"width\":400,\"height\":600,\"caption\":\"comite-medical\"},{\"@type\":\"BreadcrumbList\",\"@id\":\"https:\\\/\\\/www.cgf.pf\\\/ty\\\/te-tomite-a-te-rapaauraa-mai#breadcrumb\",\"itemListElement\":[{\"@type\":\"ListItem\",\"position\":1,\"name\":\"Accueil\",\"item\":\"https:\\\/\\\/www.cgf.pf\\\/ty\"},{\"@type\":\"ListItem\",\"position\":2,\"name\":\"Te t\u014dmite a te rapa\u2019aura\u2019a ma\u2019i\"}]},{\"@type\":\"WebSite\",\"@id\":\"https:\\\/\\\/www.cgf.pf\\\/ty#website\",\"url\":\"https:\\\/\\\/www.cgf.pf\\\/ty\",\"name\":\"CGF Tahiti\",\"description\":\"Centre de gestion et de formation\",\"publisher\":{\"@id\":\"https:\\\/\\\/www.cgf.pf\\\/ty#organization\"},\"potentialAction\":[{\"@type\":\"SearchAction\",\"target\":{\"@type\":\"EntryPoint\",\"urlTemplate\":\"https:\\\/\\\/www.cgf.pf\\\/ty?s={search_term_string}\"},\"query-input\":{\"@type\":\"PropertyValueSpecification\",\"valueRequired\":true,\"valueName\":\"search_term_string\"}}],\"inLanguage\":\"ty-FR\"},{\"@type\":\"Organization\",\"@id\":\"https:\\\/\\\/www.cgf.pf\\\/ty#organization\",\"name\":\"CGF Tahiti\",\"url\":\"https:\\\/\\\/www.cgf.pf\\\/ty\",\"logo\":{\"@type\":\"ImageObject\",\"inLanguage\":\"ty-FR\",\"@id\":\"https:\\\/\\\/www.cgf.pf\\\/ty#\\\/schema\\\/logo\\\/image\\\/\",\"url\":\"https:\\\/\\\/www.cgf.pf\\\/wp-content\\\/uploads\\\/2024\\\/01\\\/logo-cgf-png.png\",\"contentUrl\":\"https:\\\/\\\/www.cgf.pf\\\/wp-content\\\/uploads\\\/2024\\\/01\\\/logo-cgf-png.png\",\"width\":112,\"height\":89,\"caption\":\"CGF Tahiti\"},\"image\":{\"@id\":\"https:\\\/\\\/www.cgf.pf\\\/ty#\\\/schema\\\/logo\\\/image\\\/\"}}]}<\/script>\n<!-- \/ Yoast SEO plugin. -->","yoast_head_json":{"title":"Te t\u014dmite a te rapa\u2019aura\u2019a ma\u2019i - CGF Tahiti","robots":{"index":"index","follow":"follow","max-snippet":"max-snippet:-1","max-image-preview":"max-image-preview:large","max-video-preview":"max-video-preview:-1"},"canonical":"https:\/\/www.cgf.pf\/ty\/te-tomite-a-te-rapaauraa-mai","og_locale":"en_US","og_type":"article","og_title":"Te t\u014dmite a te rapa\u2019aura\u2019a ma\u2019i - CGF Tahiti","og_description":"La sant\u00e9 au travail E anihia te mana\u2019o o te t\u014dmite a te rapa\u2019aura\u2019a ma\u2019i n\u0101 ni\u2019a i te h\u014d\u2019\u0113 parau p\u0101pa\u2019i a te rave \u2018ohipa t\u012btau \u2018e aore r\u0101 a t\u014d na fa\u2019aterera\u2019a o te fa\u2019at\u014dro\u2019ara\u2019a. E h\u014dro\u2019a te t\u014dmite a te rapa\u2019aura\u2019a ma\u2019i i t\u014d na mana\u2019o n\u014d&nbsp;: Te terera\u2019a \u2018ohipa E fa\u2019ahepohia \u2018ia anihia t\u014d na mana\u2019o n\u0101 ni\u2019a i te h\u014d\u2019\u0113 parau p\u0101pa\u2019i a te rave \u2018ohipa t\u012btau \u2018e aore r\u0101 a t\u014d na fa\u2019aterera\u2019a fa\u2019at\u014dro\u2019ara\u2019a. I te taime \u2018a f\u0101ri\u2019ihia ai te pu\u2019e parau, e hi\u2019opo\u2019a te piha p\u0101pa\u2019i parau a te t\u014dmite a te rapa\u2019aura\u2019a ma\u2019i \u2018ua ineine anei te pu\u2019e parau i t\u0113 tuat\u0101papahia. Te f\u0101 a teie hi\u2019opo\u2019ara\u2019a, o te hi\u2019o-m\u0101ite-ra\u2019a t\u0113 vai nei iho \u0101 te mau t\u012btaura\u2019a rapa\u2019au ma\u2019i a te rave \u2018ohipa \u2018oire n\u014d t\u0113 f\u0101na\u2019o i te mau fa\u2019aeara\u2019a \u2018ohipa i fa\u2019ahitihia i ni\u2019a atu. Te mau mero E ha\u2019amauhia te mau mero a te t\u014dmite a te rapa\u2019aura\u2019a ma\u2019i n\u0101 te h\u014d\u2019\u0113 fa\u2019aotira\u2019a a te t\u014dmitera teitei o te R\u0113p\u016bpir\u012bta i P\u014dr\u012bnetia far\u0101ni, n\u0101 ni\u2019a i te&nbsp; fa\u2019aaura\u2019a a te peretiteni n\u014d te CGF \u2018e n\u014d te roara\u2019a e toru matahiti.&nbsp; I roto i teie t\u014dmite, e vai nei h\u014d\u2019\u0113 taote ma\u2019i rau ha\u2019amanahia unuma, h\u014d\u2019\u0113 taote-a\u2019o a te Fare Turuuta\u2019a n\u014d P\u014dr\u012bnetia far\u0101ni \u2018e te h\u014d\u2019\u0113 taote a te piha t\u014dro\u2019a rapa\u2019aura\u2019a ma\u2019i t\u014dro\u2019a.&nbsp; E nehenehe e ani i te mana\u2019o o te h\u014d\u2019\u0113 taote ta\u2019a \u2018\u0113 n\u014d te ma\u2019i i ro\u2019ohia e te rave \u2018ohipa, mai te peu e t\u012btauhia. N\u0101 te taote ma\u2019i rau e peretiteni i te t\u014dmite.","og_url":"https:\/\/www.cgf.pf\/ty\/te-tomite-a-te-rapaauraa-mai","og_site_name":"CGF Tahiti","article_modified_time":"2024-02-15T11:40:46+00:00","og_image":[{"width":400,"height":600,"url":"https:\/\/www.cgf.pf\/wp-content\/uploads\/2024\/01\/comite-medical.jpg","type":"image\/jpeg"}],"twitter_card":"summary_large_image","twitter_misc":{"Est. reading time":"3 minutes"},"schema":{"@context":"https:\/\/schema.org","@graph":[{"@type":"WebPage","@id":"https:\/\/www.cgf.pf\/ty\/te-tomite-a-te-rapaauraa-mai","url":"https:\/\/www.cgf.pf\/ty\/te-tomite-a-te-rapaauraa-mai","name":"Te t\u014dmite a te rapa\u2019aura\u2019a ma\u2019i - CGF Tahiti","isPartOf":{"@id":"https:\/\/www.cgf.pf\/ty#website"},"primaryImageOfPage":{"@id":"https:\/\/www.cgf.pf\/ty\/te-tomite-a-te-rapaauraa-mai#primaryimage"},"image":{"@id":"https:\/\/www.cgf.pf\/ty\/te-tomite-a-te-rapaauraa-mai#primaryimage"},"thumbnailUrl":"https:\/\/www.cgf.pf\/wp-content\/uploads\/2024\/01\/comite-medical.jpg","datePublished":"2023-12-18T21:58:32+00:00","dateModified":"2024-02-15T11:40:46+00:00","breadcrumb":{"@id":"https:\/\/www.cgf.pf\/ty\/te-tomite-a-te-rapaauraa-mai#breadcrumb"},"inLanguage":"ty-FR","potentialAction":[{"@type":"ReadAction","target":["https:\/\/www.cgf.pf\/ty\/te-tomite-a-te-rapaauraa-mai"]}]},{"@type":"ImageObject","inLanguage":"ty-FR","@id":"https:\/\/www.cgf.pf\/ty\/te-tomite-a-te-rapaauraa-mai#primaryimage","url":"https:\/\/www.cgf.pf\/wp-content\/uploads\/2024\/01\/comite-medical.jpg","contentUrl":"https:\/\/www.cgf.pf\/wp-content\/uploads\/2024\/01\/comite-medical.jpg","width":400,"height":600,"caption":"comite-medical"},{"@type":"BreadcrumbList","@id":"https:\/\/www.cgf.pf\/ty\/te-tomite-a-te-rapaauraa-mai#breadcrumb","itemListElement":[{"@type":"ListItem","position":1,"name":"Accueil","item":"https:\/\/www.cgf.pf\/ty"},{"@type":"ListItem","position":2,"name":"Te t\u014dmite a te rapa\u2019aura\u2019a ma\u2019i"}]},{"@type":"WebSite","@id":"https:\/\/www.cgf.pf\/ty#website","url":"https:\/\/www.cgf.pf\/ty","name":"CGF Tahiti","description":"Centre de gestion et de formation","publisher":{"@id":"https:\/\/www.cgf.pf\/ty#organization"},"potentialAction":[{"@type":"SearchAction","target":{"@type":"EntryPoint","urlTemplate":"https:\/\/www.cgf.pf\/ty?s={search_term_string}"},"query-input":{"@type":"PropertyValueSpecification","valueRequired":true,"valueName":"search_term_string"}}],"inLanguage":"ty-FR"},{"@type":"Organization","@id":"https:\/\/www.cgf.pf\/ty#organization","name":"CGF Tahiti","url":"https:\/\/www.cgf.pf\/ty","logo":{"@type":"ImageObject","inLanguage":"ty-FR","@id":"https:\/\/www.cgf.pf\/ty#\/schema\/logo\/image\/","url":"https:\/\/www.cgf.pf\/wp-content\/uploads\/2024\/01\/logo-cgf-png.png","contentUrl":"https:\/\/www.cgf.pf\/wp-content\/uploads\/2024\/01\/logo-cgf-png.png","width":112,"height":89,"caption":"CGF Tahiti"},"image":{"@id":"https:\/\/www.cgf.pf\/ty#\/schema\/logo\/image\/"}}]}},"_links":{"self":[{"href":"https:\/\/www.cgf.pf\/ty\/wp-json\/wp\/v2\/pages\/8380","targetHints":{"allow":["GET"]}}],"collection":[{"href":"https:\/\/www.cgf.pf\/ty\/wp-json\/wp\/v2\/pages"}],"about":[{"href":"https:\/\/www.cgf.pf\/ty\/wp-json\/wp\/v2\/types\/page"}],"author":[{"embeddable":true,"href":"https:\/\/www.cgf.pf\/ty\/wp-json\/wp\/v2\/users\/1"}],"replies":[{"embeddable":true,"href":"https:\/\/www.cgf.pf\/ty\/wp-json\/wp\/v2\/comments?post=8380"}],"version-history":[{"count":5,"href":"https:\/\/www.cgf.pf\/ty\/wp-json\/wp\/v2\/pages\/8380\/revisions"}],"predecessor-version":[{"id":9861,"href":"https:\/\/www.cgf.pf\/ty\/wp-json\/wp\/v2\/pages\/8380\/revisions\/9861"}],"wp:featuredmedia":[{"embeddable":true,"href":"https:\/\/www.cgf.pf\/ty\/wp-json\/wp\/v2\/media\/9055"}],"wp:attachment":[{"href":"https:\/\/www.cgf.pf\/ty\/wp-json\/wp\/v2\/media?parent=8380"}],"curies":[{"name":"wp","href":"https:\/\/api.w.org\/{rel}","templated":true}]}}